{"id":680,"date":"2020-07-04T05:37:15","date_gmt":"2020-07-04T05:37:15","guid":{"rendered":"http:\/\/209.133.222.162\/~iprobyqc\/?page_id=680"},"modified":"2024-07-17T12:24:42","modified_gmt":"2024-07-17T15:24:42","slug":"tecnologia-quimica","status":"publish","type":"page","link":"https:\/\/www.iprobyq-conicet.gob.ar\/en\/tecnologia-quimica\/","title":{"rendered":"Chemical Technology"},"content":{"rendered":"<p>[et_pb_section fb_built=&#8221;1&#8243; _builder_version=&#8221;4.16&#8243; use_background_color_gradient=&#8221;on&#8221; background_color_gradient_stops=&#8221;rgba(26,146,220,0.69) 0%|rgba(26,146,220,0.69) 100%&#8221; background_color_gradient_overlays_image=&#8221;on&#8221; background_color_gradient_start=&#8221;rgba(26,146,220,0.69)&#8221; background_color_gradient_end=&#8221;rgba(26,146,220,0.69)&#8221; background_image=&#8221;https:\/\/www.iprobyq-conicet.gob.ar\/wp-content\/uploads\/2020\/07\/banner-home-2.jpg&#8221; custom_padding=&#8221;120px||110px||false|false&#8221; global_module=&#8221;173&#8243; saved_tabs=&#8221;all&#8221; locked=&#8221;off&#8221; collapsed=&#8221;off&#8221; global_colors_info=&#8221;{}&#8221;][et_pb_row column_structure=&#8221;3_4,1_4&#8243; _builder_version=&#8221;4.16&#8243; width=&#8221;83%&#8221; max_width=&#8221;83%&#8221; global_colors_info=&#8221;{}&#8221;][et_pb_column type=&#8221;3_4&#8243; _builder_version=&#8221;4.16&#8243; global_colors_info=&#8221;{}&#8221;][et_pb_text _builder_version=&#8221;4.26.1&#8243; _dynamic_attributes=&#8221;content&#8221; header_2_font=&#8221;Roboto Condensed|600||on|||||&#8221; header_2_text_color=&#8221;#ffffff&#8221; header_2_font_size=&#8221;45px&#8221; header_2_letter_spacing=&#8221;1px&#8221; hover_enabled=&#8221;0&#8243; global_colors_info=&#8221;{}&#8221; sticky_enabled=&#8221;0&#8243;]@ET-DC@eyJkeW5hbWljIjp0cnVlLCJjb250ZW50IjoicG9zdF90aXRsZSIsInNldHRpbmdzIjp7ImJlZm9yZSI6IjxoMj4iLCJhZnRlciI6IjwvaDI+In19@[\/et_pb_text][\/et_pb_column][et_pb_column type=&#8221;1_4&#8243; _builder_version=&#8221;4.16&#8243; global_colors_info=&#8221;{}&#8221;][et_pb_image src=&#8221;https:\/\/www.iprobyq-conicet.gob.ar\/wp-content\/uploads\/2020\/05\/logo-banner-2.fw_.png&#8221; align=&#8221;right&#8221; _builder_version=&#8221;4.16&#8243; width=&#8221;67%&#8221; max_width=&#8221;67%&#8221; custom_margin=&#8221;-6px||||false|false&#8221; global_colors_info=&#8221;{}&#8221;][\/et_pb_image][\/et_pb_column][\/et_pb_row][\/et_pb_section][et_pb_section fb_built=&#8221;1&#8243; _builder_version=&#8221;4.16&#8243; background_enable_image=&#8221;off&#8221; width=&#8221;100%&#8221; locked=&#8221;off&#8221; global_colors_info=&#8221;{}&#8221;][et_pb_row column_structure=&#8221;3_5,2_5&#8243; _builder_version=&#8221;4.16&#8243; width=&#8221;83%&#8221; max_width=&#8221;83%&#8221; global_colors_info=&#8221;{}&#8221;][et_pb_column type=&#8221;3_5&#8243; _builder_version=&#8221;4.16&#8243; global_colors_info=&#8221;{}&#8221;][et_pb_text _builder_version=&#8221;4.16&#8243; text_font=&#8221;|300|||||||&#8221; text_orientation=&#8221;justified&#8221; custom_padding=&#8221;||47px|||&#8221; global_colors_info=&#8221;{}&#8221;]<\/p>\n<p><span style=\"font-family: inherit;\">El Laboratorio de Tecnolog\u00eda Qu\u00edmica est\u00e1 enfocado a la optimizaci\u00f3n de procesos productivos, incluyendo la mejora de m\u00e9todos anal\u00edticos para el control de procesos y de productos finales. Trabajamos en las \u00e1reas de pol\u00edmeros sint\u00e9ticos, materiales de caucho, y productos derivados de la actividad agropecuaria. Desarrollamos nuestros proyectos considerando el cumplimiento de regulaciones ambientales, los requisitos de un sistema de gesti\u00f3n de calidad y los principios de la Qu\u00edmica Verde para el desarrollo y mejora de procesos.<\/span><br \/><span style=\"font-family: inherit;\">Nos planteamos el desaf\u00edo permanente de poder aplicar la l\u00f3gica y rigor del pensamiento cient\u00edfico cr\u00edtico a la resoluci\u00f3n de problemas concretos que se presenten en un proceso productivo. Como ejemplo, estamos trabajando en el problema de la inocuidad alimentaria y en el problema de mejorar las propiedades de un material de goma.<\/span><\/p>\n<p><span style=\"font-family: inherit;\"><strong>Residuos en productos alimenticios<\/strong><\/span><br \/><span style=\"font-family: inherit;\">Desarrollamos y proponemos mejoras en m\u00e9todos de an\u00e1lisis de residuos qu\u00edmicos en alimentos, de acuerdo a los requisitos que establecen los organismos de regulaci\u00f3n, como SENASA o ANMAT. Ejemplos de este enfoque son la determinaci\u00f3n de anticoccidianos en productos de la industria av\u00edcola, o la determinaci\u00f3n de per\u00edodo de retiro de antiparasitarios en bovinos. El estudio se extiende tambi\u00e9n a residuos de contaminantes que pueden estar presentes en alimentos o aditivos alimentarios (como el caso de ftalatos, aditivos para pl\u00e1sticos), o la presencia de componentes minoritarios valiosos en descartes de la actividad agroindustrial. Estos desarrollos se realizan con criterios de la Qu\u00edmica Verde: minimizaci\u00f3n de residuos, econom\u00eda en el uso de equipos y recursos, miniaturizaci\u00f3n de ensayos y aplicaci\u00f3n de herramientas quimiom\u00e9tricas y estad\u00edsticas.<\/span><\/p>\n<p><span style=\"font-family: inherit;\">\u00a0<\/span><\/p>\n<p><span style=\"font-family: inherit;\"><strong>Optimizaci\u00f3n del dise\u00f1o de compuestos de caucho<\/strong><\/span><br \/><span style=\"font-family: inherit;\">Trabajamos en la optimizaci\u00f3n del proceso de producci\u00f3n de caucho por m\u00e9todos quimiom\u00e9tricos y en la caracterizaci\u00f3n de compuestos de cauchos por medici\u00f3n de propiedades f\u00edsicas y macromoleculares. Se desarrollan modelos estad\u00edsticos para la optimizaci\u00f3n de compuestos utilizados en la producci\u00f3n de neum\u00e1ticos (cauchos estireno-butadieno y polibutadieno) mediante el dise\u00f1o de experimentos. Se busca adem\u00e1s reemplazar en los materiales de goma, componentes de origen petroqu\u00edmico por otros provenientes de fuentes sustentables.<\/span><\/p>\n<p>[\/et_pb_text][\/et_pb_column][et_pb_column type=&#8221;2_5&#8243; _builder_version=&#8221;4.16&#8243; global_colors_info=&#8221;{}&#8221;][et_pb_text _builder_version=&#8221;4.16&#8243; text_font=&#8221;|300|||||||&#8221; link_text_color=&#8221;#1a92dc&#8221; header_3_font_size=&#8221;26px&#8221; global_colors_info=&#8221;{}&#8221;]<\/p>\n<h3>Miembros del Laboratorio<\/h3>\n<ul>\n<li>Carlos Boschetti<\/li>\n<li>Fedecido Azcarate<\/li>\n<\/ul>\n<h3>Contacto<\/h3>\n<h4><a href=\"#\">boschetti@iprobyq-conicet.gob.ar<\/a><\/h4>\n<p>[\/et_pb_text][\/et_pb_column][\/et_pb_row][et_pb_row use_custom_gutter=&#8221;on&#8221; gutter_width=&#8221;2&#8243; make_equal=&#8221;on&#8221; _builder_version=&#8221;4.16&#8243; width=&#8221;83%&#8221; max_width=&#8221;83%&#8221; custom_padding=&#8221;60px|||||&#8221; global_colors_info=&#8221;{}&#8221;][et_pb_column type=&#8221;4_4&#8243; _builder_version=&#8221;4.16&#8243; global_colors_info=&#8221;{}&#8221;][et_pb_blog fullwidth=&#8221;off&#8221; posts_number=&#8221;15&#8243; include_categories=&#8221;12&#8243; excerpt_length=&#8221;240&#8243; show_more=&#8221;on&#8221; show_author=&#8221;off&#8221; show_date=&#8221;off&#8221; show_categories=&#8221;off&#8221; use_overlay=&#8221;on&#8221; overlay_icon_color=&#8221;rgba(0,0,0,0)&#8221; hover_overlay_color=&#8221;rgba(255,255,255,0.3)&#8221; _builder_version=&#8221;4.16&#8243; header_font=&#8221;|600|||||||&#8221; header_font_size=&#8221;22px&#8221; body_font=&#8221;|300|||||||&#8221; read_more_font=&#8221;|500||on|||||&#8221; read_more_font_size=&#8221;15px&#8221; read_more_letter_spacing=&#8221;1px&#8221; read_more_line_height=&#8221;2.8em&#8221; body_link_font=&#8221;||||||||&#8221; custom_padding=&#8221;||||false|false&#8221; global_colors_info=&#8221;{}&#8221; read_more_text_color__hover_enabled=&#8221;on|hover&#8221; read_more_text_color__hover=&#8221;#000000&#8243;][\/et_pb_blog][\/et_pb_column][\/et_pb_row][\/et_pb_section]<\/p>\n","protected":false},"excerpt":{"rendered":"<p>El Laboratorio de Tecnolog\u00eda Qu\u00edmica est\u00e1 enfocado a la optimizaci\u00f3n de procesos productivos, incluyendo la mejora de m\u00e9todos anal\u00edticos para el control de procesos y de productos finales. Trabajamos en las \u00e1reas de pol\u00edmeros sint\u00e9ticos, materiales de caucho, y productos derivados de la actividad agropecuaria. Desarrollamos nuestros proyectos considerando el cumplimiento de regulaciones ambientales, los [&hellip;]<\/p>\n","protected":false},"author":1,"featured_media":0,"parent":0,"menu_order":0,"comment_status":"closed","ping_status":"closed","template":"","meta":{"_et_pb_use_builder":"on","_et_pb_old_content":"","_et_gb_content_width":"","footnotes":""},"class_list":["post-680","page","type-page","status-publish","hentry"],"_links":{"self":[{"href":"https:\/\/www.iprobyq-conicet.gob.ar\/en\/wp-json\/wp\/v2\/pages\/680","targetHints":{"allow":["GET"]}}],"collection":[{"href":"https:\/\/www.iprobyq-conicet.gob.ar\/en\/wp-json\/wp\/v2\/pages"}],"about":[{"href":"https:\/\/www.iprobyq-conicet.gob.ar\/en\/wp-json\/wp\/v2\/types\/page"}],"author":[{"embeddable":true,"href":"https:\/\/www.iprobyq-conicet.gob.ar\/en\/wp-json\/wp\/v2\/users\/1"}],"replies":[{"embeddable":true,"href":"https:\/\/www.iprobyq-conicet.gob.ar\/en\/wp-json\/wp\/v2\/comments?post=680"}],"version-history":[{"count":12,"href":"https:\/\/www.iprobyq-conicet.gob.ar\/en\/wp-json\/wp\/v2\/pages\/680\/revisions"}],"predecessor-version":[{"id":954,"href":"https:\/\/www.iprobyq-conicet.gob.ar\/en\/wp-json\/wp\/v2\/pages\/680\/revisions\/954"}],"wp:attachment":[{"href":"https:\/\/www.iprobyq-conicet.gob.ar\/en\/wp-json\/wp\/v2\/media?parent=680"}],"curies":[{"name":"wp","href":"https:\/\/api.w.org\/{rel}","templated":true}]}}