{"id":678,"date":"2020-07-04T05:36:36","date_gmt":"2020-07-04T05:36:36","guid":{"rendered":"http:\/\/209.133.222.162\/~iprobyqc\/?page_id=678"},"modified":"2025-10-03T12:36:26","modified_gmt":"2025-10-03T15:36:26","slug":"tecnologias-de-fermentacion","status":"publish","type":"page","link":"https:\/\/www.iprobyq-conicet.gob.ar\/en\/tecnologias-de-fermentacion\/","title":{"rendered":"Fermentation Technology"},"content":{"rendered":"<p>[et_pb_section fb_built=&#8221;1&#8243; _builder_version=&#8221;4.16&#8243; use_background_color_gradient=&#8221;on&#8221; background_color_gradient_stops=&#8221;rgba(26,146,220,0.69) 0%|rgba(26,146,220,0.69) 100%&#8221; background_color_gradient_overlays_image=&#8221;on&#8221; background_color_gradient_start=&#8221;rgba(26,146,220,0.69)&#8221; background_color_gradient_end=&#8221;rgba(26,146,220,0.69)&#8221; background_image=&#8221;https:\/\/www.iprobyq-conicet.gob.ar\/wp-content\/uploads\/2020\/07\/banner-home-2.jpg&#8221; custom_padding=&#8221;120px||110px||false|false&#8221; global_module=&#8221;173&#8243; saved_tabs=&#8221;all&#8221; locked=&#8221;off&#8221; collapsed=&#8221;off&#8221; global_colors_info=&#8221;{}&#8221;][et_pb_row column_structure=&#8221;3_4,1_4&#8243; _builder_version=&#8221;4.16&#8243; width=&#8221;83%&#8221; max_width=&#8221;83%&#8221; global_colors_info=&#8221;{}&#8221;][et_pb_column type=&#8221;3_4&#8243; _builder_version=&#8221;4.16&#8243; global_colors_info=&#8221;{}&#8221;][et_pb_text _builder_version=&#8221;4.26.1&#8243; _dynamic_attributes=&#8221;content&#8221; header_2_font=&#8221;Roboto Condensed|600||on|||||&#8221; header_2_text_color=&#8221;#ffffff&#8221; header_2_font_size=&#8221;45px&#8221; header_2_letter_spacing=&#8221;1px&#8221; global_colors_info=&#8221;{}&#8221;]@ET-DC@eyJkeW5hbWljIjp0cnVlLCJjb250ZW50IjoicG9zdF90aXRsZSIsInNldHRpbmdzIjp7ImJlZm9yZSI6IjxoMj4iLCJhZnRlciI6IjwvaDI+In19@[\/et_pb_text][\/et_pb_column][et_pb_column type=&#8221;1_4&#8243; _builder_version=&#8221;4.16&#8243; global_colors_info=&#8221;{}&#8221;][et_pb_image src=&#8221;https:\/\/www.iprobyq-conicet.gob.ar\/wp-content\/uploads\/2020\/05\/logo-banner-2.fw_.png&#8221; align=&#8221;right&#8221; _builder_version=&#8221;4.16&#8243; width=&#8221;67%&#8221; max_width=&#8221;67%&#8221; custom_margin=&#8221;-6px||||false|false&#8221; global_colors_info=&#8221;{}&#8221;][\/et_pb_image][\/et_pb_column][\/et_pb_row][\/et_pb_section][et_pb_section fb_built=&#8221;1&#8243; _builder_version=&#8221;4.16&#8243; background_enable_image=&#8221;off&#8221; width=&#8221;100%&#8221; locked=&#8221;off&#8221; global_colors_info=&#8221;{}&#8221;][et_pb_row column_structure=&#8221;3_5,2_5&#8243; _builder_version=&#8221;4.16&#8243; width=&#8221;83%&#8221; max_width=&#8221;83%&#8221; global_colors_info=&#8221;{}&#8221;][et_pb_column type=&#8221;3_5&#8243; _builder_version=&#8221;4.16&#8243; global_colors_info=&#8221;{}&#8221;][et_pb_text _builder_version=&#8221;4.16&#8243; text_font=&#8221;|300|||||||&#8221; text_orientation=&#8221;justified&#8221; inline_fonts=&#8221;ABeeZee&#8221; global_colors_info=&#8221;{}&#8221;]<\/p>\n<p><span style=\"font-family: inherit; font-weight: normal;\">Las tecnolog\u00edas de fermentaci\u00f3n utilizan microorganismos modificados gen\u00e9ticamente para producir prote\u00ednas,\u00a0 \u00e1cidos org\u00e1nicos y otros compuestos de inter\u00e9s industrial de manera controlada, eficiente y a bajo costo. De este modo, permiten generar una amplia variedad de productos con aplicaciones para\u00a0 la alimentaci\u00f3n, medicina, industria textil y m\u00e1s, reduciendo el uso de m\u00e9todos qu\u00edmicos tradicionales y el impacto ambiental, proporcionando una alternativa ecol\u00f3gica y rentable.<\/span><\/p>\n<p><span style=\"font-family: inherit; font-weight: normal;\">El grupo de investigaci\u00f3n desarrolla procesos y productos industrialmente escalables. Su trabajo incluye tanto el redise\u00f1o de genes y la ingenier\u00eda gen\u00e9tica de los microorganismos productores, como la optimizaci\u00f3n de los procesos de fermentaci\u00f3n de precisi\u00f3n y downstream que permitan obtener elevadas productividades volum\u00e9tricas.<\/span><\/p>\n<p><span style=\"font-family: inherit; font-weight: normal;\">Atendiendo las demandas de las industrias aceiteras de la regi\u00f3n y en colaboraci\u00f3n con las mismas se han desarrollado c\u00f3cteles enzim\u00e1ticos (fosfolipasas y lipasas) para el tratamiento y refinamiento del aceite vegetal crudo, y para la conversi\u00f3n de material de desecho (generados en este proceso de refinamiento) en productos con valor comercial. Adem\u00e1s, se ha desarrollado y patentado una enzima con actividad esterilglucosidasa, capaz de eliminar completamente los esteril glucosidos de biodiesel de soja que permite obtener un biodiesel de alt\u00edsima calidad utilizando un tratamiento sencillo y amigable con el medio ambiente.<\/span><\/p>\n<p><span style=\"font-family: inherit; font-weight: normal;\">Actualmente el grupo trabaja en soluciones para el sector alimenticio, creando alternativas a los productos de origen animal, ofreciendo opciones m\u00e1s sostenibles y \u00e9ticas; para la industria textil proporcionando una alternativa ecol\u00f3gica a las fibras sint\u00e9ticas, y en iniciativas para el diagn\u00f3stico cl\u00ednico.<\/span><\/p>\n<p><span style=\"font-family: inherit; font-weight: normal;\">En todos los casos, los desarrollos de este grupo van acompa\u00f1ados de an\u00e1lisis de propiedad intelectual que asegure la captura de los resultados obtenidos para su posterior transferencia al sector productivo.<\/span><\/p>\n<p><span style=\"font-family: inherit; font-weight: normal;\">\u00a0La formaci\u00f3n de recursos humanos en este laboratorio est\u00e1 orientada a generar profesionales capaces de transferir y generar nuevas herramientas tecnol\u00f3gicas en el seno del sector productivo.<\/span><\/p>\n<p>[\/et_pb_text][\/et_pb_column][et_pb_column type=&#8221;2_5&#8243; _builder_version=&#8221;4.16&#8243; global_colors_info=&#8221;{}&#8221;][et_pb_text _builder_version=&#8221;4.16&#8243; text_font=&#8221;|300|||||||&#8221; link_text_color=&#8221;#1a92dc&#8221; header_3_font_size=&#8221;26px&#8221; global_colors_info=&#8221;{}&#8221;]<\/p>\n<h3>Miembros del Laboratorio<\/h3>\n<ul>\n<li>Hugo Menzella<\/li>\n<li><spanroboto condensed=\"\" arial=\"\" font-weight:normal=\"\" font-style:normal=\"\" color:=\"\" 888888=\"\" data-sheets-root=\"1\">Carla Nahir Haidar<\/spanroboto><\/li>\n<li>Marina Gir\u00f3<\/li>\n<li><spanroboto condensed=\"\" arial=\"\" font-weight:normal=\"\" font-style:normal=\"\" color:=\"\" 888888=\"\" data-sheets-root=\"1\">Emanuel Bonansea<\/spanroboto><\/li>\n<\/ul>\n<h3>Contacto<\/h3>\n<h4><a href=\"#\">menzella@iprobyq-conicet.gob.ar<\/a><\/h4>\n<p>[\/et_pb_text][\/et_pb_column][\/et_pb_row][et_pb_row use_custom_gutter=&#8221;on&#8221; gutter_width=&#8221;2&#8243; make_equal=&#8221;on&#8221; _builder_version=&#8221;4.16&#8243; width=&#8221;83%&#8221; max_width=&#8221;83%&#8221; custom_padding=&#8221;60px|||||&#8221; global_colors_info=&#8221;{}&#8221;][et_pb_column type=&#8221;4_4&#8243; _builder_version=&#8221;4.16&#8243; global_colors_info=&#8221;{}&#8221;][et_pb_blog fullwidth=&#8221;off&#8221; posts_number=&#8221;15&#8243; include_categories=&#8221;12&#8243; excerpt_length=&#8221;240&#8243; show_more=&#8221;on&#8221; show_author=&#8221;off&#8221; show_date=&#8221;off&#8221; show_categories=&#8221;off&#8221; use_overlay=&#8221;on&#8221; overlay_icon_color=&#8221;rgba(0,0,0,0)&#8221; hover_overlay_color=&#8221;rgba(255,255,255,0.3)&#8221; _builder_version=&#8221;4.16&#8243; header_font=&#8221;|600|||||||&#8221; header_font_size=&#8221;22px&#8221; body_font=&#8221;|300|||||||&#8221; read_more_font=&#8221;|500||on|||||&#8221; read_more_font_size=&#8221;15px&#8221; read_more_letter_spacing=&#8221;1px&#8221; read_more_line_height=&#8221;2.8em&#8221; body_link_font=&#8221;||||||||&#8221; custom_padding=&#8221;||||false|false&#8221; global_colors_info=&#8221;{}&#8221; read_more_text_color__hover_enabled=&#8221;on|hover&#8221; read_more_text_color__hover=&#8221;#000000&#8243;][\/et_pb_blog][\/et_pb_column][\/et_pb_row][\/et_pb_section]<\/p>\n","protected":false},"excerpt":{"rendered":"<p>Las tecnolog\u00edas de fermentaci\u00f3n utilizan microorganismos modificados gen\u00e9ticamente para producir prote\u00ednas,\u00a0 \u00e1cidos org\u00e1nicos y otros compuestos de inter\u00e9s industrial de manera controlada, eficiente y a bajo costo. De este modo, permiten generar una amplia variedad de productos con aplicaciones para\u00a0 la alimentaci\u00f3n, medicina, industria textil y m\u00e1s, reduciendo el uso de m\u00e9todos qu\u00edmicos tradicionales y [&hellip;]<\/p>\n","protected":false},"author":1,"featured_media":0,"parent":0,"menu_order":0,"comment_status":"closed","ping_status":"closed","template":"","meta":{"_et_pb_use_builder":"on","_et_pb_old_content":"","_et_gb_content_width":"","footnotes":""},"class_list":["post-678","page","type-page","status-publish","hentry"],"_links":{"self":[{"href":"https:\/\/www.iprobyq-conicet.gob.ar\/en\/wp-json\/wp\/v2\/pages\/678","targetHints":{"allow":["GET"]}}],"collection":[{"href":"https:\/\/www.iprobyq-conicet.gob.ar\/en\/wp-json\/wp\/v2\/pages"}],"about":[{"href":"https:\/\/www.iprobyq-conicet.gob.ar\/en\/wp-json\/wp\/v2\/types\/page"}],"author":[{"embeddable":true,"href":"https:\/\/www.iprobyq-conicet.gob.ar\/en\/wp-json\/wp\/v2\/users\/1"}],"replies":[{"embeddable":true,"href":"https:\/\/www.iprobyq-conicet.gob.ar\/en\/wp-json\/wp\/v2\/comments?post=678"}],"version-history":[{"count":16,"href":"https:\/\/www.iprobyq-conicet.gob.ar\/en\/wp-json\/wp\/v2\/pages\/678\/revisions"}],"predecessor-version":[{"id":1033,"href":"https:\/\/www.iprobyq-conicet.gob.ar\/en\/wp-json\/wp\/v2\/pages\/678\/revisions\/1033"}],"wp:attachment":[{"href":"https:\/\/www.iprobyq-conicet.gob.ar\/en\/wp-json\/wp\/v2\/media?parent=678"}],"curies":[{"name":"wp","href":"https:\/\/api.w.org\/{rel}","templated":true}]}}