{"id":629,"date":"2020-07-03T20:43:40","date_gmt":"2020-07-03T20:43:40","guid":{"rendered":"http:\/\/209.133.222.162\/~iprobyqc\/?page_id=629"},"modified":"2025-11-14T14:34:17","modified_gmt":"2025-11-14T17:34:17","slug":"desarrollo-de-enzimas-industriales","status":"publish","type":"page","link":"https:\/\/www.iprobyq-conicet.gob.ar\/en\/desarrollo-de-enzimas-industriales\/","title":{"rendered":"Industrial Enzyme Development"},"content":{"rendered":"<p>[et_pb_section fb_built=&#8221;1&#8243; _builder_version=&#8221;4.16&#8243; use_background_color_gradient=&#8221;on&#8221; background_color_gradient_stops=&#8221;rgba(26,146,220,0.69) 0%|rgba(26,146,220,0.69) 100%&#8221; background_color_gradient_overlays_image=&#8221;on&#8221; background_color_gradient_start=&#8221;rgba(26,146,220,0.69)&#8221; background_color_gradient_end=&#8221;rgba(26,146,220,0.69)&#8221; background_image=&#8221;https:\/\/www.iprobyq-conicet.gob.ar\/wp-content\/uploads\/2020\/07\/banner-home-2.jpg&#8221; custom_padding=&#8221;120px||110px||false|false&#8221; global_module=&#8221;173&#8243; saved_tabs=&#8221;all&#8221; locked=&#8221;off&#8221; collapsed=&#8221;off&#8221; global_colors_info=&#8221;{}&#8221;][et_pb_row column_structure=&#8221;3_4,1_4&#8243; _builder_version=&#8221;4.16&#8243; width=&#8221;83%&#8221; max_width=&#8221;83%&#8221; global_colors_info=&#8221;{}&#8221;][et_pb_column type=&#8221;3_4&#8243; _builder_version=&#8221;4.16&#8243; global_colors_info=&#8221;{}&#8221;][et_pb_text _builder_version=&#8221;4.26.1&#8243; _dynamic_attributes=&#8221;content&#8221; header_2_font=&#8221;Roboto Condensed|600||on|||||&#8221; header_2_text_color=&#8221;#ffffff&#8221; header_2_font_size=&#8221;45px&#8221; header_2_letter_spacing=&#8221;1px&#8221; global_colors_info=&#8221;{}&#8221;]@ET-DC@eyJkeW5hbWljIjp0cnVlLCJjb250ZW50IjoicG9zdF90aXRsZSIsInNldHRpbmdzIjp7ImJlZm9yZSI6IjxoMj4iLCJhZnRlciI6IjwvaDI+In19@[\/et_pb_text][\/et_pb_column][et_pb_column type=&#8221;1_4&#8243; _builder_version=&#8221;4.16&#8243; global_colors_info=&#8221;{}&#8221;][et_pb_image src=&#8221;https:\/\/www.iprobyq-conicet.gob.ar\/wp-content\/uploads\/2020\/05\/logo-banner-2.fw_.png&#8221; align=&#8221;right&#8221; _builder_version=&#8221;4.16&#8243; width=&#8221;67%&#8221; max_width=&#8221;67%&#8221; custom_margin=&#8221;-6px||||false|false&#8221; global_colors_info=&#8221;{}&#8221;][\/et_pb_image][\/et_pb_column][\/et_pb_row][\/et_pb_section][et_pb_section fb_built=&#8221;1&#8243; _builder_version=&#8221;4.16&#8243; background_enable_image=&#8221;off&#8221; width=&#8221;100%&#8221; locked=&#8221;off&#8221; global_colors_info=&#8221;{}&#8221;][et_pb_row column_structure=&#8221;3_5,2_5&#8243; _builder_version=&#8221;4.16&#8243; width=&#8221;83%&#8221; max_width=&#8221;83%&#8221; global_colors_info=&#8221;{}&#8221;][et_pb_column type=&#8221;3_5&#8243; _builder_version=&#8221;4.16&#8243; global_colors_info=&#8221;{}&#8221;][et_pb_text _builder_version=&#8221;4.16&#8243; text_font=&#8221;|300|||||||&#8221; text_orientation=&#8221;justified&#8221; global_colors_info=&#8221;{}&#8221;]<\/p>\n<p>Desde comienzos del a\u00f1o 2012 nuestro grupo se ha dedicado a desarrollar fosfolipasas de tipo C para ser utilizadas en el desgomado enzim\u00e1tico de aceite crudo de soja. El desgomado del aceite consiste en la remoci\u00f3n de los fosfol\u00edpidos o &#8221; gomas&#8221; y es el proceso que genera la mayor p\u00e9rdida asociada al refinamiento industrial del aceite.<\/p>\n<p><span style=\"font-family: inherit;\">Nuestras plataformas para descubrimiento y desarrollo de nuevas enzimas incluyen el uso de an\u00e1lisis bioinform\u00e1tico para la selecci\u00f3n de candidatos, expresi\u00f3n de las prote\u00ednas seleccionadas en diferentes hospedadores (previamente optimizados), obtenci\u00f3n de las prote\u00ednas purificadas, mutag\u00e9nesis dirigida y ensayos de actividad enzim\u00e1tica.<\/span><\/p>\n<p><span style=\"font-family: inherit;\">En todos los casos, los desarrollos van acompa\u00f1ados de un riguroso an\u00e1lisis de propiedad intelectualque asegure la captura de los resultados obtenidos para su posterior transferencia a empresas adoptantes.<\/span><\/p>\n<p>[\/et_pb_text][\/et_pb_column][et_pb_column type=&#8221;2_5&#8243; _builder_version=&#8221;4.16&#8243; global_colors_info=&#8221;{}&#8221;][et_pb_text _builder_version=&#8221;4.27.4&#8243; text_font=&#8221;|300|||||||&#8221; link_text_color=&#8221;#1a92dc&#8221; header_3_font_size=&#8221;26px&#8221; hover_enabled=&#8221;0&#8243; global_colors_info=&#8221;{}&#8221; sticky_enabled=&#8221;0&#8243;]<\/p>\n<h3>Miembros del Laboratorio<\/h3>\n<ul>\n<li>Luciana Paoletti<\/li>\n<li>Camila Ponce de Leon<\/li>\n<\/ul>\n<h3>Contacto<\/h3>\n<h4><a href=\"mailto:paoletti@iprobyq-conicet.gob.ar\">paoletti@iprobyq-conicet.gob.ar<\/a><\/h4>\n<p>[\/et_pb_text][\/et_pb_column][\/et_pb_row][et_pb_row use_custom_gutter=&#8221;on&#8221; gutter_width=&#8221;2&#8243; make_equal=&#8221;on&#8221; _builder_version=&#8221;4.16&#8243; width=&#8221;83%&#8221; max_width=&#8221;83%&#8221; custom_padding=&#8221;60px|||||&#8221; global_colors_info=&#8221;{}&#8221;][et_pb_column type=&#8221;4_4&#8243; _builder_version=&#8221;4.16&#8243; global_colors_info=&#8221;{}&#8221;][et_pb_blog fullwidth=&#8221;off&#8221; posts_number=&#8221;15&#8243; include_categories=&#8221;13&#8243; excerpt_length=&#8221;240&#8243; show_more=&#8221;on&#8221; show_author=&#8221;off&#8221; show_date=&#8221;off&#8221; show_categories=&#8221;off&#8221; use_overlay=&#8221;on&#8221; overlay_icon_color=&#8221;rgba(0,0,0,0)&#8221; hover_overlay_color=&#8221;rgba(255,255,255,0.3)&#8221; _builder_version=&#8221;4.16&#8243; header_font=&#8221;|600|||||||&#8221; header_font_size=&#8221;22px&#8221; body_font=&#8221;|300|||||||&#8221; read_more_font=&#8221;|500||on|||||&#8221; read_more_font_size=&#8221;15px&#8221; read_more_letter_spacing=&#8221;1px&#8221; read_more_line_height=&#8221;2.8em&#8221; body_link_font=&#8221;||||||||&#8221; custom_padding=&#8221;||||false|false&#8221; global_colors_info=&#8221;{}&#8221; read_more_text_color__hover_enabled=&#8221;on|hover&#8221; read_more_text_color__hover=&#8221;#000000&#8243;][\/et_pb_blog][\/et_pb_column][\/et_pb_row][\/et_pb_section]<\/p>\n","protected":false},"excerpt":{"rendered":"<p>Desde comienzos del a\u00f1o 2012 nuestro grupo se ha dedicado a desarrollar fosfolipasas de tipo C para ser utilizadas en el desgomado enzim\u00e1tico de aceite crudo de soja. El desgomado del aceite consiste en la remoci\u00f3n de los fosfol\u00edpidos o &#8221; gomas&#8221; y es el proceso que genera la mayor p\u00e9rdida asociada al refinamiento industrial [&hellip;]<\/p>\n","protected":false},"author":1,"featured_media":0,"parent":0,"menu_order":0,"comment_status":"closed","ping_status":"closed","template":"","meta":{"_et_pb_use_builder":"on","_et_pb_old_content":"","_et_gb_content_width":"","footnotes":""},"class_list":["post-629","page","type-page","status-publish","hentry"],"_links":{"self":[{"href":"https:\/\/www.iprobyq-conicet.gob.ar\/en\/wp-json\/wp\/v2\/pages\/629","targetHints":{"allow":["GET"]}}],"collection":[{"href":"https:\/\/www.iprobyq-conicet.gob.ar\/en\/wp-json\/wp\/v2\/pages"}],"about":[{"href":"https:\/\/www.iprobyq-conicet.gob.ar\/en\/wp-json\/wp\/v2\/types\/page"}],"author":[{"embeddable":true,"href":"https:\/\/www.iprobyq-conicet.gob.ar\/en\/wp-json\/wp\/v2\/users\/1"}],"replies":[{"embeddable":true,"href":"https:\/\/www.iprobyq-conicet.gob.ar\/en\/wp-json\/wp\/v2\/comments?post=629"}],"version-history":[{"count":12,"href":"https:\/\/www.iprobyq-conicet.gob.ar\/en\/wp-json\/wp\/v2\/pages\/629\/revisions"}],"predecessor-version":[{"id":1055,"href":"https:\/\/www.iprobyq-conicet.gob.ar\/en\/wp-json\/wp\/v2\/pages\/629\/revisions\/1055"}],"wp:attachment":[{"href":"https:\/\/www.iprobyq-conicet.gob.ar\/en\/wp-json\/wp\/v2\/media?parent=629"}],"curies":[{"name":"wp","href":"https:\/\/api.w.org\/{rel}","templated":true}]}}