{"id":12,"date":"2020-04-29T06:26:13","date_gmt":"2020-04-29T06:26:13","guid":{"rendered":"http:\/\/209.133.222.162\/~iprobyqc\/?page_id=12"},"modified":"2025-11-14T14:37:02","modified_gmt":"2025-11-14T17:37:02","slug":"produccion","status":"publish","type":"page","link":"https:\/\/www.iprobyq-conicet.gob.ar\/en\/produccion\/","title":{"rendered":"Production"},"content":{"rendered":"<p>[et_pb_section fb_built=&#8221;1&#8243; _builder_version=&#8221;4.16&#8243; use_background_color_gradient=&#8221;on&#8221; background_color_gradient_stops=&#8221;rgba(26,146,220,0.69) 0%|rgba(26,146,220,0.69) 100%&#8221; background_color_gradient_overlays_image=&#8221;on&#8221; background_color_gradient_start=&#8221;rgba(26,146,220,0.69)&#8221; background_color_gradient_end=&#8221;rgba(26,146,220,0.69)&#8221; background_image=&#8221;https:\/\/www.iprobyq-conicet.gob.ar\/wp-content\/uploads\/2020\/07\/banner-home-2.jpg&#8221; custom_padding=&#8221;120px||110px||false|false&#8221; global_module=&#8221;173&#8243; saved_tabs=&#8221;all&#8221; locked=&#8221;off&#8221; collapsed=&#8221;off&#8221; global_colors_info=&#8221;{}&#8221;][et_pb_row column_structure=&#8221;3_4,1_4&#8243; _builder_version=&#8221;4.16&#8243; width=&#8221;83%&#8221; max_width=&#8221;83%&#8221; global_colors_info=&#8221;{}&#8221;][et_pb_column type=&#8221;3_4&#8243; _builder_version=&#8221;4.16&#8243; global_colors_info=&#8221;{}&#8221;][et_pb_text _builder_version=&#8221;4.26.1&#8243; _dynamic_attributes=&#8221;content&#8221; header_2_font=&#8221;Roboto Condensed|600||on|||||&#8221; header_2_text_color=&#8221;#ffffff&#8221; header_2_font_size=&#8221;45px&#8221; header_2_letter_spacing=&#8221;1px&#8221; global_colors_info=&#8221;{}&#8221;]@ET-DC@eyJkeW5hbWljIjp0cnVlLCJjb250ZW50IjoicG9zdF90aXRsZSIsInNldHRpbmdzIjp7ImJlZm9yZSI6IjxoMj4iLCJhZnRlciI6IjwvaDI+In19@[\/et_pb_text][\/et_pb_column][et_pb_column type=&#8221;1_4&#8243; _builder_version=&#8221;4.16&#8243; global_colors_info=&#8221;{}&#8221;][et_pb_image src=&#8221;https:\/\/www.iprobyq-conicet.gob.ar\/wp-content\/uploads\/2020\/05\/logo-banner-2.fw_.png&#8221; align=&#8221;right&#8221; _builder_version=&#8221;4.16&#8243; width=&#8221;67%&#8221; max_width=&#8221;67%&#8221; custom_margin=&#8221;-6px||||false|false&#8221; global_colors_info=&#8221;{}&#8221;][\/et_pb_image][\/et_pb_column][\/et_pb_row][\/et_pb_section][et_pb_section fb_built=&#8221;1&#8243; admin_label=&#8221;section&#8221; _builder_version=&#8221;4.16&#8243; global_colors_info=&#8221;{}&#8221;][et_pb_row admin_label=&#8221;row&#8221; _builder_version=&#8221;4.16&#8243; background_size=&#8221;initial&#8221; background_position=&#8221;top_left&#8221; background_repeat=&#8221;repeat&#8221; width=&#8221;83%&#8221; max_width=&#8221;83%&#8221; global_colors_info=&#8221;{}&#8221;][et_pb_column type=&#8221;4_4&#8243; _builder_version=&#8221;4.16&#8243; custom_padding=&#8221;|||&#8221; global_colors_info=&#8221;{}&#8221; custom_padding__hover=&#8221;|||&#8221;][et_pb_tabs active_tab_text_color=&#8221;#000000&#8243; _builder_version=&#8221;4.26.0&#8243; body_font=&#8221;|300|||||||&#8221; tab_font=&#8221;Roboto Condensed||||||||&#8221; tab_font_size=&#8221;18px&#8221; tab_line_height=&#8221;2.5em&#8221; custom_padding=&#8221;24px||24px||true|true&#8221; border_width_top=&#8221;5px&#8221; border_color_top=&#8221;#000000&#8243; global_colors_info=&#8221;{}&#8221;][et_pb_tab title=&#8221;Vinculaci\u00f3n&#8221; _builder_version=&#8221;4.16&#8243; inline_fonts=&#8221;ABeeZee&#8221; global_colors_info=&#8221;{}&#8221;]<\/p>\n<p><span style=\"font-family: inherit; font-weight: normal;\"><span style=\"color: #888888;\"><span style=\"font-size: medium;\"><b><strong>El IPROBYQ<\/strong><\/b><\/span><\/span><span style=\"color: #888888;\"><span style=\"font-size: medium;\">, en concordancia con\u00a0<\/span><\/span><span style=\"color: #888888;\"><span style=\"font-size: medium;\"><b><strong>CONICET<\/strong><\/b><\/span><\/span><span style=\"color: #888888;\"><span style=\"font-size: medium;\">, tiene como uno de sus objetivos fundamentales, la transferencia de conocimiento al sector productivo, as\u00ed como la realizaci\u00f3n de proyectos conjuntos, que permitan contribuir a su modernizaci\u00f3n y crecimiento econ\u00f3mico, y fortaleciendo de tal forma la integraci\u00f3n entre el sector productivo y el cient\u00edfico.<\/span><\/span><\/span><\/p>\n<p><span style=\"color: #888888; font-family: inherit; font-weight: normal;\"><span style=\"font-size: medium;\">Por tal motivo, el instituto mantiene v\u00ednculos con diversas entidades, entre ellas:<\/span><\/span><\/p>\n<h3 class=\"western\"><span style=\"color: #333333; font-family: inherit; font-weight: normal;\"><span style=\"font-size: x-large;\">1) Petrobras Energ\u00eda SA<\/span><\/span><\/h3>\n<p><span style=\"color: #888888; font-family: inherit; font-weight: normal;\"><span style=\"font-size: medium;\">Becas Cofinanciadas CONICET-Empresas. \u201cAplicaci\u00f3n de dise\u00f1os experimentales para la optimizaci\u00f3n de compuestos de caucho aplicados a neum\u00e1ticos con criterios de movilidad sustentable\u201d. 2014-2016.<br \/>Convenio Espec\u00edfico de Asistencia T\u00e9cnica (CAT). \u201cEstudio del proceso de polimerizaci\u00f3n en soluci\u00f3n y de las propiedades del pol\u00edmero\u201d. 2013-2014.<\/span><\/span><\/p>\n<h3 class=\"western\"><span style=\"color: #333333; font-family: inherit; font-weight: normal;\"><span style=\"font-size: x-large;\">2) Laboratorio Litoral SA<\/span><\/span><\/h3>\n<p><span style=\"color: #888888; font-family: inherit; font-weight: normal;\"><span style=\"font-size: medium;\">Convenio espec\u00edfico de cooperaci\u00f3n y asistencia t\u00e9cnica. \u201cAsistencia T\u00e9cnica para la puesta a punto en Laboratorio Litoral de m\u00e9todos anal\u00edticos aplicados a la determinaci\u00f3n de residuos qu\u00edmicos en alimentos\u201d. 2013-2014.<\/span><\/span><\/p>\n<h3 class=\"western\"><span style=\"color: #333333; font-family: inherit; font-weight: normal;\"><span style=\"font-size: x-large;\">3) Laboratorio Cibic<\/span><\/span><\/h3>\n<p><span style=\"color: #888888; font-family: inherit; font-weight: normal;\"><span style=\"font-size: medium;\">Convenio espec\u00edfico de cooperaci\u00f3n y asistencia t\u00e9cnica. \u201cDesarrollo de m\u00e9todos anal\u00edticos para la determinaci\u00f3n de metales en muestras biol\u00f3gicas por espectrofotometr\u00eda de absorci\u00f3n at\u00f3mica\u201d. 2014.<\/span><\/span><\/p>\n<h3 class=\"western\"><span style=\"color: #333333; font-family: inherit; font-weight: normal;\"><span style=\"font-size: x-large;\">4) Laboratorio Cibic: STAN.<\/span><\/span><\/h3>\n<p><span style=\"color: #888888; font-family: inherit; font-weight: normal;\">\u201c<span style=\"font-size: medium;\">Asesoramiento en el desarrollo e implementaci\u00f3n de t\u00e9cnicas para determinaci\u00f3n de mercurio en agua, sangre, orina y alimentos\u201d. 2015.<\/span><\/span><\/p>\n<h3 class=\"western\"><span style=\"color: #333333; font-family: inherit; font-weight: normal;\"><span style=\"font-size: x-large;\">5) Pampa Energ\u00eda S.A.<\/span><\/span><\/h3>\n<p><span style=\"color: #888888; font-family: inherit; font-weight: normal;\"><span style=\"font-size: medium;\">Puesta en marcha y an\u00e1lisis de datos de equipo de cromatograf\u00eda de exclusi\u00f3n por tama\u00f1o, para an\u00e1lisis de pol\u00edmeros y cauchos.<br \/>Optimizaci\u00f3n de propiedades de compuestos de caucho aplicados a neum\u00e1ticos con criterios de movilidad sustentable<br \/>Becas cofinanciadas CONICET-Empresa<\/span><\/span><\/p>\n<h3 class=\"western\"><span style=\"color: #333333; font-family: inherit; font-weight: normal;\"><span style=\"font-size: x-large;\">6) Laboratorio Litoral S.A.<\/span><\/span><\/h3>\n<p><span style=\"color: #888888; font-family: inherit; font-weight: normal;\"><span style=\"font-size: medium;\">Puesta a punto de m\u00e9todos anal\u00edticos aplicados a la determinaci\u00f3n de residuos qu\u00edmicos en alimentos siguiendo las normativas de SENASA.<\/span><\/span><\/p>\n<h3 class=\"western\"><span style=\"color: #333333; font-family: inherit; font-weight: normal;\"><span style=\"font-size: x-large;\">7) Synthon S.A.<\/span><\/span><\/h3>\n<p><span style=\"color: #888888; font-family: inherit; font-weight: normal;\"><span style=\"font-size: medium;\">Optimizaci\u00f3n de un proceso de s\u00edntesis de un intermediario para la producci\u00f3n de un IFA.<br \/>Capacitaci\u00f3n en la aplicaci\u00f3n de Dise\u00f1o Estad\u00edstico de Experimentos a la optimizaci\u00f3n de procesos de s\u00edntesis en Qu\u00edmica Fina.<\/span><\/span><\/p>\n<p>[\/et_pb_tab][et_pb_tab title=&#8221;Patentes&#8221; _builder_version=&#8221;4.16&#8243; body_ul_line_height=&#8221;1.8em&#8221; inline_fonts=&#8221;ABeeZee&#8221; global_colors_info=&#8221;{}&#8221;]<\/p>\n<p><span style=\"color: #888888; font-family: inherit; font-weight: normal;\"><span style=\"font-size: medium;\">El IPROBYQ tambi\u00e9n cuenta con las siguientes patentes:<\/span><\/span><\/p>\n<ul type=\"disc\">\n<li>\n<p><span style=\"color: #888888; font-family: inherit; font-weight: normal;\"><span style=\"font-size: medium;\">MARIA CASTELLI; HUGO MENZELLA; SALVADOR PEIRU; LEANDRO VETCHER.<i>MODIFIED BACILLUS CEREUS PHOSPHOLIPASE C PROTEIN AND METHOD OF PROCESSING VEGETABLE OIL<\/i>. 03\/07\/2013. Patente de invenci\u00f3n.<\/span><\/span><\/p>\n<\/li>\n<li>\n<p><span style=\"color: #888888; font-family: inherit; font-weight: normal;\"><span style=\"font-size: medium;\">MARIA CASTELLI; HUGO MENZELLA; SALVADOR PEIRU; LEANDRO VETCHER.\u00a0<i>PROTEINA FOSFOLIPASA CBACILLUS CEREUS MODIFICADA Y M\u00c9TODO PARA PROCESAR ACEITE VEGETAL<\/i>. 03\/07\/2014. Patente de invenci\u00f3n.<\/span><\/span><\/p>\n<\/li>\n<li>\n<p><span style=\"color: #888888; font-family: inherit; font-weight: normal;\"><span style=\"font-size: medium;\">HUGO MENZELLA; SALVADOR PEIRU; LEANDRO VETCHER.\u00a0<i>M\u00e9todo de remoci\u00f3n de est\u00e9ril glic\u00f3sidos<\/i>. 13\/03\/2013. Patente de invenci\u00f3n.<\/span><\/span><\/p>\n<\/li>\n<li>\n<p><span style=\"color: #888888; font-family: inherit; font-weight: normal;\"><span style=\"font-size: medium;\">HUGO MENZELLA, SALVADOR PEIRU, LEANDRO VETCHER.\u00a0<i>ENZYMATIC REMOVAL OF STERYL GLYCOSIDES<\/i>. 16\/03\/2012. Patente de invenci\u00f3n.<\/span><\/span><\/p>\n<\/li>\n<li>\n<p><span style=\"color: #888888; font-family: inherit; font-weight: normal;\"><span style=\"font-size: medium;\">HUGO MENZELLA.\u00a0<i>WO 2011098651 (A1) \u2013 SYNTHETIC SEQUENCE OF NUCLEOTIDES CODING FOR BOVINE RECOMBINANT PROCHYMOSIN A, EXPRESSION VECTOR COMPRISING SAID SEQUENCE, ESCHERICHIA COLI CELL CONVERTED BY MEANS OF SAID VECTOR, AND THE PROCESS OF THE OBTAINMENT OF SAID BOVINE R<\/i>. 18\/08\/2011. Patente de invenci\u00f3n.<\/span><\/span><\/p>\n<\/li>\n<li>\n<p><span style=\"color: #888888; font-family: inherit; font-weight: normal;\"><span style=\"font-size: medium;\">MENZELLA H.G..<i>SECUENCIA DE NUECLE\u00d3TIDOS SINT\u00c9TICA QUE CODIFICA PARA PROQUIMOSINA RECOMBINANTE<\/i>. 11\/02\/2010. Patente de invenci\u00f3n. Proceso de producci\u00f3n. Biol\u00f3gica.<\/span><\/span><\/p>\n<\/li>\n<\/ul>\n<ul><\/ul>\n<p>[\/et_pb_tab][et_pb_tab title=&#8221;Servicios&#8221; _builder_version=&#8221;4.16&#8243; inline_fonts=&#8221;ABeeZee&#8221; global_colors_info=&#8221;{}&#8221;]<\/p>\n<ol>\n<li>\n<p><span style=\"font-family: inherit; font-weight: normal;\"><span style=\"color: #888888;\"><span style=\"font-size: medium;\">El\u00a0<\/span><\/span><span style=\"color: #888888;\"><span style=\"font-size: medium;\"><b><strong>IPROBYQ<\/strong><\/b><\/span><\/span><span style=\"color: #888888;\"><span style=\"font-size: medium;\">\u00a0cuenta con una serie de prestaciones, las cuales dependen de los distintos laboratorios que conforman el Instituto.<\/span><\/span><\/span><\/p>\n<p><span style=\"color: #888888; font-family: inherit; font-weight: normal;\"><span style=\"font-size: medium;\">El\u00a0<b>Laboratorio de Sistemas autoensamblados\u00a0<\/b>ofrece los siguientes servicios:<\/span><\/span><\/p>\n<ul type=\"disc\">\n<li>\n<p><span style=\"color: #888888; font-family: inherit; font-weight: normal;\"><span style=\"font-size: medium;\">Producci\u00f3n de microorganismos con diferentes aplicaciones biotecnol\u00f3gicas<\/span><\/span><\/p>\n<\/li>\n<li>\n<p><span style=\"color: #888888; font-family: inherit; font-weight: normal;\"><span style=\"font-size: medium;\">Crecimiento microbiano (bacterias y hongos) en medios de cultivo l\u00edquido<\/span><\/span><\/p>\n<\/li>\n<li>\n<p><span style=\"color: #888888; font-family: inherit; font-weight: normal;\"><span style=\"font-size: medium;\">Recuento de microorganismos viables<\/span><\/span><\/p>\n<\/li>\n<li>\n<p><span style=\"color: #888888; font-family: inherit; font-weight: normal;\"><span style=\"font-size: medium;\">Almacenamiento de la biomasa microbiana producida en un medio adecuado<\/span><\/span><\/p>\n<\/li>\n<li>\n<p><span style=\"color: #888888; font-family: inherit; font-weight: normal;\"><span style=\"font-size: medium;\">Empleo de sistemas micelares para recuperar biomol\u00e9culas<\/span><\/span><\/p>\n<\/li>\n<li>\n<p><span style=\"color: #888888; font-family: inherit; font-weight: normal;\"><span style=\"font-size: medium;\">Dise\u00f1o de protocolo de purificaci\u00f3n<\/span><\/span><\/p>\n<\/li>\n<li>\n<p><span style=\"color: #888888; font-family: inherit; font-weight: normal;\"><span style=\"font-size: medium;\">Capacitaci\u00f3n sobre el empleo de t\u00e9cnicas extractivas<\/span><\/span><\/p>\n<\/li>\n<li>\n<p><span style=\"color: #888888; font-family: inherit; font-weight: normal;\"><span style=\"font-size: medium;\">An\u00e1lisis fisicoqu\u00edmico de compuestos tensioactivos (concentraci\u00f3n micelar cr\u00edtica, \u00edndice HLB, propiedades emulsificantes).<\/span><\/span><\/p>\n<\/li>\n<li>\n<p><span style=\"color: #888888; font-family: inherit; font-weight: normal;\"><span style=\"font-size: medium;\">An\u00e1lisis fisicoqu\u00edmico de muestras ricas en antioxidantes: servicio dirigido principalmente a la industria alimenticia, agropecuaria y el \u00e1rea del medioambiente. Incluye las siguientes prestaciones<\/span><\/span><\/p>\n<\/li>\n<li>\n<p><span style=\"color: #888888; font-family: inherit; font-weight: normal;\"><span style=\"font-size: medium;\">Determinaci\u00f3n de la actividad antioxidante<\/span><\/span><\/p>\n<\/li>\n<li>\n<p><span style=\"color: #888888; font-family: inherit; font-weight: normal;\"><span style=\"font-size: medium;\">Identificaci\u00f3n de tocoferoles e isoflavonas<\/span><\/span><\/p>\n<\/li>\n<li>\n<p><span style=\"color: #888888; font-family: inherit; font-weight: normal;\"><span style=\"font-size: medium;\">C\u00e1lculo del valor \u00e1cido<\/span><\/span><\/p>\n<\/li>\n<li>\n<p><span style=\"color: #888888; font-family: inherit; font-weight: normal;\"><span style=\"font-size: medium;\">C\u00e1lculo de la concentraci\u00f3n de triglic\u00e9ridos<\/span><\/span><\/p>\n<\/li>\n<li>\n<p><span style=\"color: #888888; font-family: inherit; font-weight: normal;\"><span style=\"font-size: medium;\">Estimaci\u00f3n de la concentraci\u00f3n de az\u00facares reductores y prote\u00ednas totales<\/span><\/span><\/p>\n<\/li>\n<\/ul>\n<p><span style=\"font-family: inherit; font-weight: normal;\"><span style=\"color: #888888;\"><span style=\"font-size: medium;\"><b>Contacto:<\/b><\/span><\/span><span style=\"color: #888888;\"><span style=\"font-size: medium;\">\u00a0<\/span><\/span><span style=\"color: #2ea3f2;\"><span style=\"font-size: medium;\"><a href=\"mailto:pellegrinimalpiedi@iprobyq-conicet.gob.ar\">pellegrinimalpiedi@iprobyq-conicet.gob.ar<\/a><\/span><\/span><\/span><\/p>\n<p lang=\"es-ES\"><span style=\"color: #888888; font-family: inherit; font-weight: normal;\"><span style=\"font-size: medium;\">El Laboratorio de\u00a0<b>Tecnolog\u00eda Qu\u00edmica<\/b>\u00a0ofrece los siguientes servicios:<\/span><\/span><\/p>\n<ul type=\"disc\">\n<li>\n<p><span style=\"color: #888888; font-family: inherit; font-weight: normal;\"><span style=\"font-size: medium;\">An\u00e1lisis y cuantificaci\u00f3n de residuos de medicamentos veterinarios por cromatograf\u00eda en muestras de tejidos animales y alimentos.<\/span><\/span><\/p>\n<\/li>\n<li>\n<p><span style=\"color: #888888; font-family: inherit; font-weight: normal;\"><span style=\"font-size: medium;\">An\u00e1lisis y cuantificaci\u00f3n por HPLC de compuestos qu\u00edmicos en muestras complejas.<\/span><\/span><\/p>\n<\/li>\n<li>\n<p><span style=\"color: #888888; font-family: inherit; font-weight: normal;\"><span style=\"font-size: medium;\">Determinaci\u00f3n de plastificantes ftalatos en materiales pl\u00e1sticos y pol\u00edmeros.<\/span><\/span><\/p>\n<\/li>\n<li>\n<p><span style=\"color: #888888; font-family: inherit; font-weight: normal;\"><span style=\"font-size: medium;\">Asesoramiento en el an\u00e1lisis y cuantificaci\u00f3n por FT-IR de la presencia de aceites en cauchos extendidos con diferentes tipos de aceites.<\/span><\/span><\/p>\n<\/li>\n<li>\n<p><span style=\"color: #888888; font-family: inherit; font-weight: normal;\"><span style=\"font-size: medium;\">An\u00e1lisis y cuantificaci\u00f3n por HPLC de NonilFenol en muestras ambientales y pol\u00edmeros.<\/span><\/span><\/p>\n<\/li>\n<li>\n<p><span style=\"color: #888888; font-family: inherit; font-weight: normal;\"><span style=\"font-size: medium;\">Asesoramiento para la optimizaci\u00f3n de una s\u00edntesis de qu\u00edmica fina utilizando dise\u00f1o de experimentos.<\/span><\/span><\/p>\n<\/li>\n<\/ul>\n<p><span style=\"font-family: inherit; font-weight: normal;\"><span style=\"color: #888888;\"><span style=\"font-size: medium;\"><b>Contacto:\u00a0<\/b><\/span><\/span><span style=\"color: #2ea3f2;\"><span style=\"font-size: medium;\"><a href=\"mailto:cboschet@fbioyf.unr.edu.ar\">cboschet@fbioyf.unr.edu.ar<\/a><\/span><\/span><\/span><\/p>\n<p><span style=\"font-family: inherit; font-weight: normal;\"><span style=\"color: #888888;\"><span style=\"font-size: medium;\">El Laboratorio de\u00a0<\/span><\/span><span style=\"color: #888888;\"><span style=\"font-size: medium;\"><b><strong>Tecnolog\u00edas de Fermentaci\u00f3n\u00a0<\/strong><\/b><\/span><\/span><span style=\"color: #888888;\"><span style=\"font-size: medium;\">ofrece los siguientes servicios:<\/span><\/span><\/span><\/p>\n<ul type=\"disc\">\n<li>\n<p><span style=\"color: #888888; font-family: inherit; font-weight: normal;\"><span style=\"font-size: medium;\">An\u00e1lisis microbiol\u00f3gicos o fisicoqu\u00edmicos de muestras relacionadas a la industria de bebidas fermentadas<\/span><\/span><\/p>\n<\/li>\n<li>\n<p><span style=\"color: #888888; font-family: inherit; font-weight: normal;\"><span style=\"font-size: medium;\">Detecci\u00f3n de microorganismos contaminantes.<\/span><\/span><\/p>\n<\/li>\n<li>\n<p><span style=\"color: #888888; font-family: inherit; font-weight: normal;\"><span style=\"font-size: medium;\">Recuento y viabilidad en crema de levadura cervecera.<\/span><\/span><\/p>\n<\/li>\n<li>\n<p><span style=\"color: #888888; font-family: inherit; font-weight: normal;\"><span style=\"font-size: medium;\">Dictado de cursos te\u00f3rico-pr\u00e1cticos sobre aspectos fisicoqu\u00edmicos y microbiol\u00f3gicos en laboratorios o plantas de procesos de elaboraci\u00f3n de bebidas.<\/span><\/span><\/p>\n<\/li>\n<li>\n<p><span style=\"color: #888888; font-family: inherit; font-weight: normal;\"><span style=\"font-size: medium;\">Servicio de preservaci\u00f3n y\/o propagaci\u00f3n de cultivos microbianos.<\/span><\/span><\/p>\n<\/li>\n<li>\n<p><span style=\"color: #888888; font-family: inherit; font-weight: normal;\"><span style=\"font-size: medium;\">Expresi\u00f3n y purificaci\u00f3n de prote\u00ednas recombinantes para su uso en investigaci\u00f3n y desarrollo<\/span><\/span><\/p>\n<\/li>\n<\/ul>\n<p><span style=\"font-family: inherit; font-weight: normal;\"><span style=\"color: #888888;\"><span style=\"font-size: medium;\"><b>Contacto: <\/b><\/span><\/span><span style=\"color: #2ea3f2;\"><span style=\"font-size: medium;\"><a href=\"mailto:menzella@iprobyq-conicet.gob.ar\">menzella@iprobyq-conicet.gob.ar<\/a><\/span><\/span><\/span><\/p>\n<p><span style=\"font-family: inherit; font-weight: normal;\"><span style=\"color: #888888;\"><span style=\"font-size: medium;\">El Laboratorio de\u00a0<\/span><\/span><span style=\"color: #888888;\"><span style=\"font-size: medium;\"><b><strong>Bioinform\u00e1tica\u00a0<\/strong><\/b><\/span><\/span><span style=\"color: #888888;\"><span style=\"font-size: medium;\">ofrece los siguientes servicios:<\/span><\/span><\/span><\/p>\n<ul type=\"disc\">\n<li>\n<p><span style=\"color: #888888; font-family: inherit; font-weight: normal;\"><span style=\"font-size: medium;\">Asesoramiento en la identificaci\u00f3n y caracterizaci\u00f3n microbiana por t\u00e9cnicas de gen\u00f3mica comparativa<\/span><\/span><\/p>\n<\/li>\n<\/ul>\n<p><span style=\"font-family: inherit; font-weight: normal;\"><span style=\"color: #888888;\"><span style=\"font-size: medium;\"><b><strong>Contacto:\u00a0<\/strong><\/b><\/span><\/span><span style=\"color: #2ea3f2;\"><span style=\"font-size: medium;\"><a href=\"mailto:espariz@iprobyq-conicet.gob.ar\">espariz@iprobyq-conicet.gob.ar<\/a><\/span><\/span><\/span><\/p>\n<p><span style=\"color: #888888;\">\u00a0<\/span><\/p>\n<\/li>\n<\/ol>\n<p>[\/et_pb_tab][\/et_pb_tabs][\/et_pb_column][\/et_pb_row][\/et_pb_section]<\/p>\n","protected":false},"excerpt":{"rendered":"<p>El IPROBYQ, en concordancia con\u00a0CONICET, tiene como uno de sus objetivos fundamentales, la transferencia de conocimiento al sector productivo, as\u00ed como la realizaci\u00f3n de proyectos conjuntos, que permitan contribuir a su modernizaci\u00f3n y crecimiento econ\u00f3mico, y fortaleciendo de tal forma la integraci\u00f3n entre el sector productivo y el cient\u00edfico. Por tal motivo, el instituto mantiene [&hellip;]<\/p>\n","protected":false},"author":1,"featured_media":0,"parent":0,"menu_order":0,"comment_status":"closed","ping_status":"closed","template":"","meta":{"_et_pb_use_builder":"on","_et_pb_old_content":"<!-- wp:divi\/placeholder \/-->","_et_gb_content_width":"","footnotes":""},"class_list":["post-12","page","type-page","status-publish","hentry"],"_links":{"self":[{"href":"https:\/\/www.iprobyq-conicet.gob.ar\/en\/wp-json\/wp\/v2\/pages\/12","targetHints":{"allow":["GET"]}}],"collection":[{"href":"https:\/\/www.iprobyq-conicet.gob.ar\/en\/wp-json\/wp\/v2\/pages"}],"about":[{"href":"https:\/\/www.iprobyq-conicet.gob.ar\/en\/wp-json\/wp\/v2\/types\/page"}],"author":[{"embeddable":true,"href":"https:\/\/www.iprobyq-conicet.gob.ar\/en\/wp-json\/wp\/v2\/users\/1"}],"replies":[{"embeddable":true,"href":"https:\/\/www.iprobyq-conicet.gob.ar\/en\/wp-json\/wp\/v2\/comments?post=12"}],"version-history":[{"count":24,"href":"https:\/\/www.iprobyq-conicet.gob.ar\/en\/wp-json\/wp\/v2\/pages\/12\/revisions"}],"predecessor-version":[{"id":1059,"href":"https:\/\/www.iprobyq-conicet.gob.ar\/en\/wp-json\/wp\/v2\/pages\/12\/revisions\/1059"}],"wp:attachment":[{"href":"https:\/\/www.iprobyq-conicet.gob.ar\/en\/wp-json\/wp\/v2\/media?parent=12"}],"curies":[{"name":"wp","href":"https:\/\/api.w.org\/{rel}","templated":true}]}}